{"id":3301,"date":"2026-04-07T08:58:26","date_gmt":"2026-04-07T13:58:26","guid":{"rendered":"https:\/\/www.munihuanuco.gob.pe\/?page_id=3301"},"modified":"2026-04-07T09:00:28","modified_gmt":"2026-04-07T14:00:28","slug":"1ra-audiencia-publica-de-rendicion-de-cuentas-del-ano-fiscal-2026-municipalidad-provincial-de-huanuco","status":"publish","type":"page","link":"https:\/\/www.munihuanuco.gob.pe\/?page_id=3301","title":{"rendered":"1RA AUDIENCIA P\u00daBLICA DE RENDICI\u00d3N DE CUENTAS DEL A\u00d1O FISCAL 2026 MUNICIPALIDAD PROVINCIAL DE HU\u00c1NUCO"},"content":{"rendered":"","protected":false},"excerpt":{"rendered":"","protected":false},"author":2,"featured_media":0,"parent":0,"menu_order":0,"comment_status":"closed","ping_status":"closed","template":"","meta":{"footnotes":""},"class_list":["post-3301","page","type-page","status-publish","hentry"],"_links":{"self":[{"href":"https:\/\/www.munihuanuco.gob.pe\/index.php?rest_route=\/wp\/v2\/pages\/3301"}],"collection":[{"href":"https:\/\/www.munihuanuco.gob.pe\/index.php?rest_route=\/wp\/v2\/pages"}],"about":[{"href":"https:\/\/www.munihuanuco.gob.pe\/index.php?rest_route=\/wp\/v2\/types\/page"}],"author":[{"embeddable":true,"href":"https:\/\/www.munihuanuco.gob.pe\/index.php?rest_route=\/wp\/v2\/users\/2"}],"replies":[{"embeddable":true,"href":"https:\/\/www.munihuanuco.gob.pe\/index.php?rest_route=%2Fwp%2Fv2%2Fcomments&post=3301"}],"version-history":[{"count":2,"href":"https:\/\/www.munihuanuco.gob.pe\/index.php?rest_route=\/wp\/v2\/pages\/3301\/revisions"}],"predecessor-version":[{"id":3305,"href":"https:\/\/www.munihuanuco.gob.pe\/index.php?rest_route=\/wp\/v2\/pages\/3301\/revisions\/3305"}],"wp:attachment":[{"href":"https:\/\/www.munihuanuco.gob.pe\/index.php?rest_route=%2Fwp%2Fv2%2Fmedia&parent=3301"}],"curies":[{"name":"wp","href":"https:\/\/api.w.org\/{rel}","templated":true}]}}